{"id":74,"date":"2010-07-15T22:16:57","date_gmt":"2010-07-15T20:16:57","guid":{"rendered":"http:\/\/info.slm91.fr\/?page_id=74"},"modified":"2010-09-10T23:40:01","modified_gmt":"2010-09-10T21:40:01","slug":"association","status":"publish","type":"page","link":"https:\/\/info.slm91.fr\/?page_id=74","title":{"rendered":"Association"},"content":{"rendered":"<p>Les renseignements sur l&rsquo;association Sports et Loisirs des Moli\u00e8res (adresse, email, bureau,  &#8230;.) s&rsquo;obtiennent\u00a0 en cliquant sur un \u00e9l\u00e9ment de la liste d\u00e9roulante  Association.<\/p>\n","protected":false},"excerpt":{"rendered":"<p>Les renseignements sur l&rsquo;association Sports et Loisirs des Moli\u00e8res (adresse, email, bureau, &#8230;.) s&rsquo;obtiennent en cliquant sur un \u00e9l\u00e9ment de la liste d\u00e9roulante Association.<\/p>\n","protected":false},"author":1,"featured_media":0,"parent":0,"menu_order":0,"comment_status":"open","ping_status":"closed","template":"","meta":{"footnotes":""},"class_list":["post-74","page","type-page","status-publish","hentry","odd"],"_links":{"self":[{"href":"https:\/\/info.slm91.fr\/index.php?rest_route=\/wp\/v2\/pages\/74","targetHints":{"allow":["GET"]}}],"collection":[{"href":"https:\/\/info.slm91.fr\/index.php?rest_route=\/wp\/v2\/pages"}],"about":[{"href":"https:\/\/info.slm91.fr\/index.php?rest_route=\/wp\/v2\/types\/page"}],"author":[{"embeddable":true,"href":"https:\/\/info.slm91.fr\/index.php?rest_route=\/wp\/v2\/users\/1"}],"replies":[{"embeddable":true,"href":"https:\/\/info.slm91.fr\/index.php?rest_route=%2Fwp%2Fv2%2Fcomments&post=74"}],"version-history":[{"count":4,"href":"https:\/\/info.slm91.fr\/index.php?rest_route=\/wp\/v2\/pages\/74\/revisions"}],"predecessor-version":[{"id":4076,"href":"https:\/\/info.slm91.fr\/index.php?rest_route=\/wp\/v2\/pages\/74\/revisions\/4076"}],"wp:attachment":[{"href":"https:\/\/info.slm91.fr\/index.php?rest_route=%2Fwp%2Fv2%2Fmedia&parent=74"}],"curies":[{"name":"wp","href":"https:\/\/api.w.org\/{rel}","templated":true}]}}